{"id":119,"date":"2015-02-26T17:13:08","date_gmt":"2015-02-26T16:13:08","guid":{"rendered":"http:\/\/locandadeicomacini.it\/?page_id=119"},"modified":"2015-06-01T00:11:33","modified_gmt":"2015-05-31T22:11:33","slug":"chi-siamo","status":"publish","type":"page","link":"http:\/\/locandadeicomacini.it\/it\/chi-siamo\/","title":{"rendered":"Chi siamo"},"content":{"rendered":"<p>La <strong>Locanda dei Comacini<\/strong> \u00e8 un\u2019azienda agrituristica a gestione familiare di San Severino Marche, inaugurata nel 1995 , di propriet\u00e0 di Santa Palladini (Nonna Santina) e gestita fin dall\u2019inizio con l\u2019aiuto di sua figlia Gianna (Farmacista con abilitazione per l\u2019insegnamento in Scienze dell\u2019Alimentazione).\u00a0 Con il passare degli anni si sono aggiunte alla gestione anche le figlie di Gianna: Gilla (Laurea in Scienze Giuridiche e Qualifica alberghiera) e Ilde (Architetto).<\/p>\n<p>Tra gli obiettivi della Locanda dei Comacini c\u2019\u00e8 sempre stato quello di far apprezzare il relax che si pu\u00f2 vivere nelle nostre campagne marchigiane e la peculiarit\u00e0 delle nostre tipicit\u00e0 culinarie locali (su prenotazione si prepara ancora pasta fresca fatta a mano e piatti tipici della cucina tradizionale). Inoltre si rispettano e condividono delle tradizioni familiari come la raccolta delle\u00a0 olive per la produzione di olio e la preparazione di conserve e marmellate con ortaggi e frutti a chilometro zero.<\/p>\n<p>Appena fuori la cinta muraria dell\u2019antico borgo di Castello al Monte di San Severino Marche e vicino alle falde del monte Aria (dove si trova anche il campo da motocross), immersa nell\u2019uliveto di propriet\u00e0, si trova questa struttura rurale che riserva all\u2019accoglienza agrituristica due edifici di nuova costruzione, arredati con mobili d\u2019epoca o in stile.<\/p>\n<p>La Locanda dei Comacini \u00e8 composta da un grande salone\u00a0 con piazzale antistante per ristorazione (al chiuso o all\u2019aperto), una sala per le colazioni e cinque camere doppie con ingresso indipendente e servizi igienici esclusivi.<\/p>\n<p>Ogni stanza ha la possibilit\u00e0 di ospitare fino a 3\/4 visitatori aggiungendo dei posti letto.<\/p>\n<p>&nbsp;<\/p>\n","protected":false},"excerpt":{"rendered":"<p>La Locanda dei Comacini \u00e8 un\u2019azienda agrituristica a gestione familiare di San Severino Marche, inaugurata nel 1995 , di propriet\u00e0 di Santa Palladini (Nonna Santina) <\/p>\n<p><a href=\"http:\/\/locandadeicomacini.it\/it\/chi-siamo\/\" class=\"button2\">Read More &raquo;<\/a><\/p>\n","protected":false},"author":1,"featured_media":0,"parent":0,"menu_order":0,"comment_status":"closed","ping_status":"open","template":"","meta":[],"yoast_head":"<!-- This site is optimized with the Yoast SEO plugin v16.9 - https:\/\/yoast.com\/wordpress\/plugins\/seo\/ -->\n<meta name=\"description\" content=\"Agriturismo La Locanda dei Comacini di San Severino Marche, immerso nelle campagne marchigiane, vicino al centro ed al campo da motocross , cultura e natura\" \/>\n<meta name=\"robots\" content=\"index, follow, max-snippet:-1, max-image-preview:large, max-video-preview:-1\" \/>\n<link rel=\"canonical\" href=\"https:\/\/locandadeicomacini.it\/it\/chi-siamo\/\" \/>\n<meta property=\"og:locale\" content=\"it_IT\" \/>\n<meta property=\"og:type\" content=\"article\" \/>\n<meta property=\"og:title\" content=\"La Locanda dei Comacini run-farm\" \/>\n<meta property=\"og:description\" content=\"Agriturismo La Locanda dei Comacini di San Severino Marche, immerso nelle campagne marchigiane, vicino al centro ed al campo da motocross , cultura e natura\" \/>\n<meta property=\"og:url\" content=\"https:\/\/locandadeicomacini.it\/it\/chi-siamo\/\" \/>\n<meta property=\"og:site_name\" content=\"La locanda dei Comacini\" \/>\n<meta property=\"article:modified_time\" content=\"2015-05-31T22:11:33+00:00\" \/>\n<meta name=\"twitter:label1\" content=\"Tempo di lettura stimato\" \/>\n\t<meta name=\"twitter:data1\" content=\"1 minuto\" \/>\n<script type=\"application\/ld+json\" class=\"yoast-schema-graph\">{\"@context\":\"https:\/\/schema.org\",\"@graph\":[{\"@type\":\"WebSite\",\"@id\":\"http:\/\/locandadeicomacini.it\/#website\",\"url\":\"http:\/\/locandadeicomacini.it\/\",\"name\":\"La locanda dei Comacini\",\"description\":\"Agriturismo San Severino Marche\",\"potentialAction\":[{\"@type\":\"SearchAction\",\"target\":{\"@type\":\"EntryPoint\",\"urlTemplate\":\"http:\/\/locandadeicomacini.it\/?s={search_term_string}\"},\"query-input\":\"required name=search_term_string\"}],\"inLanguage\":\"it-IT\"},{\"@type\":\"WebPage\",\"@id\":\"https:\/\/locandadeicomacini.it\/it\/chi-siamo\/#webpage\",\"url\":\"https:\/\/locandadeicomacini.it\/it\/chi-siamo\/\",\"name\":\"La Locanda dei Comacini run-farm\",\"isPartOf\":{\"@id\":\"http:\/\/locandadeicomacini.it\/#website\"},\"datePublished\":\"2015-02-26T16:13:08+00:00\",\"dateModified\":\"2015-05-31T22:11:33+00:00\",\"description\":\"Agriturismo La Locanda dei Comacini di San Severino Marche, immerso nelle campagne marchigiane, vicino al centro ed al campo da motocross , cultura e natura\",\"breadcrumb\":{\"@id\":\"https:\/\/locandadeicomacini.it\/it\/chi-siamo\/#breadcrumb\"},\"inLanguage\":\"it-IT\",\"potentialAction\":[{\"@type\":\"ReadAction\",\"target\":[\"https:\/\/locandadeicomacini.it\/it\/chi-siamo\/\"]}]},{\"@type\":\"BreadcrumbList\",\"@id\":\"https:\/\/locandadeicomacini.it\/it\/chi-siamo\/#breadcrumb\",\"itemListElement\":[{\"@type\":\"ListItem\",\"position\":1,\"name\":\"Home\",\"item\":\"http:\/\/locandadeicomacini.it\/it\/\"},{\"@type\":\"ListItem\",\"position\":2,\"name\":\"Chi siamo\"}]}]}<\/script>\n<!-- \/ Yoast SEO plugin. -->","yoast_head_json":{"description":"Agriturismo La Locanda dei Comacini di San Severino Marche, immerso nelle campagne marchigiane, vicino al centro ed al campo da motocross , cultura e natura","robots":{"index":"index","follow":"follow","max-snippet":"max-snippet:-1","max-image-preview":"max-image-preview:large","max-video-preview":"max-video-preview:-1"},"canonical":"https:\/\/locandadeicomacini.it\/it\/chi-siamo\/","og_locale":"it_IT","og_type":"article","og_title":"La Locanda dei Comacini run-farm","og_description":"Agriturismo La Locanda dei Comacini di San Severino Marche, immerso nelle campagne marchigiane, vicino al centro ed al campo da motocross , cultura e natura","og_url":"https:\/\/locandadeicomacini.it\/it\/chi-siamo\/","og_site_name":"La locanda dei Comacini","article_modified_time":"2015-05-31T22:11:33+00:00","twitter_misc":{"Tempo di lettura stimato":"1 minuto"},"schema":{"@context":"https:\/\/schema.org","@graph":[{"@type":"WebSite","@id":"http:\/\/locandadeicomacini.it\/#website","url":"http:\/\/locandadeicomacini.it\/","name":"La locanda dei Comacini","description":"Agriturismo San Severino Marche","potentialAction":[{"@type":"SearchAction","target":{"@type":"EntryPoint","urlTemplate":"http:\/\/locandadeicomacini.it\/?s={search_term_string}"},"query-input":"required name=search_term_string"}],"inLanguage":"it-IT"},{"@type":"WebPage","@id":"https:\/\/locandadeicomacini.it\/it\/chi-siamo\/#webpage","url":"https:\/\/locandadeicomacini.it\/it\/chi-siamo\/","name":"La Locanda dei Comacini run-farm","isPartOf":{"@id":"http:\/\/locandadeicomacini.it\/#website"},"datePublished":"2015-02-26T16:13:08+00:00","dateModified":"2015-05-31T22:11:33+00:00","description":"Agriturismo La Locanda dei Comacini di San Severino Marche, immerso nelle campagne marchigiane, vicino al centro ed al campo da motocross , cultura e natura","breadcrumb":{"@id":"https:\/\/locandadeicomacini.it\/it\/chi-siamo\/#breadcrumb"},"inLanguage":"it-IT","potentialAction":[{"@type":"ReadAction","target":["https:\/\/locandadeicomacini.it\/it\/chi-siamo\/"]}]},{"@type":"BreadcrumbList","@id":"https:\/\/locandadeicomacini.it\/it\/chi-siamo\/#breadcrumb","itemListElement":[{"@type":"ListItem","position":1,"name":"Home","item":"http:\/\/locandadeicomacini.it\/it\/"},{"@type":"ListItem","position":2,"name":"Chi siamo"}]}]}},"_links":{"self":[{"href":"http:\/\/locandadeicomacini.it\/it\/wp-json\/wp\/v2\/pages\/119\/"}],"collection":[{"href":"http:\/\/locandadeicomacini.it\/it\/wp-json\/wp\/v2\/pages\/"}],"about":[{"href":"http:\/\/locandadeicomacini.it\/it\/wp-json\/wp\/v2\/types\/page\/"}],"author":[{"embeddable":true,"href":"http:\/\/locandadeicomacini.it\/it\/wp-json\/wp\/v2\/users\/1\/"}],"replies":[{"embeddable":true,"href":"http:\/\/locandadeicomacini.it\/it\/wp-json\/wp\/v2\/comments\/?post=119"}],"version-history":[{"count":7,"href":"http:\/\/locandadeicomacini.it\/it\/wp-json\/wp\/v2\/pages\/119\/revisions\/"}],"predecessor-version":[{"id":1114,"href":"http:\/\/locandadeicomacini.it\/it\/wp-json\/wp\/v2\/pages\/119\/revisions\/1114\/"}],"wp:attachment":[{"href":"http:\/\/locandadeicomacini.it\/it\/wp-json\/wp\/v2\/media\/?parent=119"}],"curies":[{"name":"wp","href":"https:\/\/api.w.org\/{rel}","templated":true}]}}