{"id":412,"date":"2015-03-12T18:28:01","date_gmt":"2015-03-12T17:28:01","guid":{"rendered":"http:\/\/locandadeicomacini.it\/tour-culturale-paesaggistico-ed-enogastronomico-2\/"},"modified":"2015-05-31T23:35:22","modified_gmt":"2015-05-31T21:35:22","slug":"tour-culturale-paesaggistico-ed-enogastronomico","status":"publish","type":"page","link":"http:\/\/locandadeicomacini.it\/fr\/tour-culturale-paesaggistico-ed-enogastronomico\/","title":{"rendered":"Tour culturel, du paysage et de l\u2019oenogastronomie (rabais voyage)"},"content":{"rendered":"<h1><span style=\"color: #9895b8;\">Week end Histoire et Culture<\/span><\/h1>\n<h3>Tour culturel, du paysage et de l\u2019oenogastronomie<\/h3>\n<p>&nbsp;<\/p>\n<p><strong>OU: <\/strong>Marche \/ Macerata<\/p>\n<p>San Severino Marche (centro e Castelli),\u00a0Tolentino,\u00a0Urbisaglia,\u00a0Macerata,\u00a0Morrovalle,\u00a0Pollenza<\/p>\n<p><strong>DUREE : <\/strong>3 jours \/ 3 nuits<\/p>\n<p><strong>TRAITEMENT :\u00a0<\/strong>Demi-pension (Petit-d\u00e9jeuner et Diner)<\/p>\n<p><strong>DEPART :<\/strong>\u00a0Libre<\/p>\n<p><strong>VALIDIT\u00c0: <\/strong>tutto il 2015<\/p>\n<p>&nbsp;<\/p>\n<p><strong>A PARTIR DE \u20ac\u00a0 *<\/strong> 300\u20ac (par personne en chambre double) \/270 \u20ac (par personne en chambre de 3) \/250 \u20ac (en chambre de 4) \/tarif enfant jusqu\u2019\u00e0 6 ans 220 \u20ac<\/p>\n<p><strong>\u00a0<\/strong><\/p>\n<p><strong>MINIMUM:<\/strong>\u00a0\u00a0\u00a0\u00a0\u00a0\u00a0\u00a0\u00a0\u00a0\u00a0\u00a0\u00a0\u00a0\u00a0\u00a0\u00a0\u00a0\u00a0\u00a0 8 personnes<\/p>\n<p><strong>\u00a0<\/strong><\/p>\n<p><strong>DESCRIPTION BREVE (max 5 lignes)<\/strong><\/p>\n<p>Tour culturel visant \u00e0 d\u00e9couvrir l\u2019histoire locale, \u00e0 travers la visite guid\u00e9e des lieux historiques et artistiques d\u2019int\u00e9r\u00eat majeur de la province de Macerata( San Severino Marche (centre et Ch\u00e2teaux)-Tolentino-Urbisaglia-Macerata-Morrovalle-Pollenza).<\/p>\n<p>D\u00e9gustations oenogastronomique de la cuisine typique locale au sein de notre structure d\u2019agritourisme.<\/p>\n<p><strong>PROGRAMME (d\u00e9taill\u00e9):<\/strong><\/p>\n<p><strong>1.JEUDI\u00a0<\/strong><\/p>\n<p>Arriv\u00e9e \u00e0 San Severino Marche (MC) \u00a0en fin d\u2019apr\u00e8s-midi. Diner typique et premi\u00e8re nuit dans l\u2019\u00e9tablissement.<\/p>\n<p><strong>2.VENDREDI.<\/strong><\/p>\n<p><u>Matin<\/u>: Petit-d\u00e9jeuner sur place\/ Visite du Mus\u00e9e Arch\u00e9ologique \u201cMoretti\u201d\/du D\u00f4me du Ch\u00e2teau en haut du Mont \/ de la Basilique de S.Lorenzo (art roman) \/ de la Pinacoth\u00e8que \/ de la Place du Peuple (Th\u00e9\u00e2tre Feronia)<\/p>\n<p>D\u00e9jeuner \u00e0 la charge du visiteur dans les structures conventionn\u00e9es sur place (suggestion ).<\/p>\n<p><u>Apr\u00e8s-midi<\/u>: Tour des Ch\u00e2teaux de San Severino Marche (Elcito\/Pitino\/ecc..) Toutefois si la m\u00e9t\u00e9o ne le permettait pas, une visite des palais du centre historique de San Severino Marche est propos\u00e9e en remplacement.<\/p>\n<p>Retour \u00e0 San Severino Marche. Diner typique et nuit au sein de notre \u00e9tablissement.<\/p>\n<p><strong>3.SAMEDI<\/strong><\/p>\n<p><u>Matin.<\/u> Petit-d\u00e9jeuner sur place. Visite guid\u00e9e de la ville de Tolentino: San Nicola \/ San Catervo \/ Ponte del Diavolo. D\u00e9placement \u00e0 Urbisaglia (\u00e0 travers la \u201cDivina Pastora\u201d):visite des fouilles arch\u00e9ologiques de la cit\u00e9 antique de URBS SALVIA .<\/p>\n<p>D\u00e9placement \u00e0 l\u2019Abbaye de Fiastra : d\u00e9jeuner \u00e0 la charge du visiteur.<\/p>\n<p><u>Apr\u00e8s-midi<\/u>. Visite guid\u00e9e du domaine monastique de l\u2019Abbaye de Fiastra.<\/p>\n<p>Visite du Mus\u00e9e de la Poltrona Frau (Tolentino).<\/p>\n<p>Retour \u00e0 San Severino Marche et Ap\u00e9ritif avec D\u00e9gustation des vins typique des lieux \u201cSeven Hills\u201d(\u00e0 charge du visiteur, r\u00e9duction 10% pour un montant minimum de 20.00 \u20ac).<\/p>\n<p>Diner typique et nuit au sein de notre \u00e9tablissement.<\/p>\n<p><strong>4.DIMANCHE<\/strong><\/p>\n<p><u>Matin<\/u>. Petit-d\u00e9jeuner sur place. Visite guid\u00e9e de la ville de Macerata: Sferisterio \/ Palais Buonaccorsi \/ Sanctuaire de la\u00a0 Madonna della Misericordia (Epoque Baroque).<\/p>\n<p>D\u00e9jeuner libre \u00e0 la charge du visiteur.<\/p>\n<p><u>Apr\u00e8s-midi.<\/u> Visite guid\u00e9e de l\u2019Abbaye Santa Maria au pied du Chienti et al Moulin M\u00e9di\u00e9val (Montecosaro)\/de l\u2019Abbaye de San Claudio (Morrovalle)\/ de l\u2019Abbaye de Rambona (Pollenza).<\/p>\n<p>Retour \u00e0 San Severino Marche, vu pr\u00e9alablement et en accord avec les n\u00e9cessit\u00e9s de d\u00e9part du visiteur.<\/p>\n<p><strong>\u00a0<\/strong><\/p>\n<p><strong>Le prix comprend :<\/strong><\/p>\n<p>3 Petit-d\u00e9jeuners\/3 Diners\/3 Nuits\/D\u00e9placements\/Visites guid\u00e9es<\/p>\n<p>&nbsp;<\/p>\n<p><strong>\u00a0<\/strong><strong>Le prix ne comprend pas : <\/strong><\/p>\n<p>les d\u00e9jeuners \/les entr\u00e9es aux mus\u00e9es \/les d\u00e9gustations dans les structures<\/p>\n<p>&nbsp;<\/p>\n<p><strong>Info utiles<\/strong><\/p>\n<p>afin d\u2019assurer le bon d\u00e9roulement de l\u2019ensemble, merci de bien vouloir r\u00e9server au moins une semaine avant votre arriv\u00e9e.<\/p>\n<p>Locanda dei Comacini<\/p>\n<p>Etablissement d\u2019agritourisme familial<\/p>\n<p>Via San Francesco 2<\/p>\n<p>62027 San Severino Marche (MC)<\/p>\n<p>T\u00e9l\u00e9phone portable : +39 3802519651<\/p>\n<p>Mail: <u><a href=\"mailto:locanda.comacini@virgilio.it\">locanda.comacini@virgilio.it<\/a><\/u><\/p>\n<p>L\u2019\u00e9tablissement se situe dans le centre historique de San Severino Marche, Ch\u00e2teau sur le Mont \u00e0 un point strat\u00e9gique entre nature et culture.<\/p>\n<p><strong>Nb. <\/strong>si pour des raisons de m\u00e9t\u00e9o ou d\u2019emploi du temps, le g\u00e9rant ou le visiteur rencontrent des probl\u00e8mes d\u2019organisation dans le d\u00e9roulement de ce programme, l\u2019\u00e9tablissement se r\u00e9serve le droit de changer l\u2019ordre de d\u00e9roulement des visites pr\u00e9vues ou d\u2019y apposer des variations afin d\u2019en assurer la bonne conduite, apr\u00e8s communication entre les deux parties.<\/p>\n<p>&nbsp;<\/p>\n<p>En partenariat avec\u00a0:<\/p>\n<p><img loading=\"lazy\" class=\"alignleft wp-image-425 size-full\" src=\"http:\/\/locandadeicomacini.it\/wp-content\/uploads\/2015\/03\/MarcaVillage.jpg\" alt=\"Marca Village\" width=\"766\" height=\"183\" srcset=\"http:\/\/locandadeicomacini.it\/wp-content\/uploads\/2015\/03\/MarcaVillage.jpg 766w, http:\/\/locandadeicomacini.it\/wp-content\/uploads\/2015\/03\/MarcaVillage-300x72.jpg 300w, http:\/\/locandadeicomacini.it\/wp-content\/uploads\/2015\/03\/MarcaVillage-100x24.jpg 100w, http:\/\/locandadeicomacini.it\/wp-content\/uploads\/2015\/03\/MarcaVillage-322x77.jpg 322w\" sizes=\"(max-width: 766px) 100vw, 766px\" \/><\/p>\n<p>&nbsp;<\/p>\n<p>&nbsp;<\/p>\n","protected":false},"excerpt":{"rendered":"<p>Week end Histoire et Culture Tour culturel, du paysage et de l\u2019oenogastronomie &nbsp; OU: Marche \/ Macerata San Severino Marche (centro e Castelli),\u00a0Tolentino,\u00a0Urbisaglia,\u00a0Macerata,\u00a0Morrovalle,\u00a0Pollenza DUREE : <\/p>\n<p><a href=\"http:\/\/locandadeicomacini.it\/fr\/tour-culturale-paesaggistico-ed-enogastronomico\/\" class=\"button2\">Read More &raquo;<\/a><\/p>\n","protected":false},"author":1,"featured_media":0,"parent":0,"menu_order":0,"comment_status":"closed","ping_status":"open","template":"","meta":[],"yoast_head":"<!-- This site is optimized with the Yoast SEO plugin v16.9 - https:\/\/yoast.com\/wordpress\/plugins\/seo\/ -->\n<meta name=\"description\" content=\"Rabais voyage de La Locanda dei Comacini pour ses clients,Tour culturel, du paysage et de l\u2019oenogastronomie (Tolentino,Urbisaglia,Morrovalle,Pollenza)\" \/>\n<meta name=\"robots\" content=\"index, follow, max-snippet:-1, max-image-preview:large, max-video-preview:-1\" \/>\n<link rel=\"canonical\" href=\"http:\/\/locandadeicomacini.it\/fr\/tour-culturale-paesaggistico-ed-enogastronomico\/\" \/>\n<meta property=\"og:locale\" content=\"fr_FR\" \/>\n<meta property=\"og:type\" content=\"article\" \/>\n<meta property=\"og:title\" content=\"Tour culturel, du paysage et de l\u2019oenogastronomie - Locanda dei Comacini\" \/>\n<meta property=\"og:description\" content=\"Rabais voyage de La Locanda dei Comacini pour ses clients,Tour culturel, du paysage et de l\u2019oenogastronomie (Tolentino,Urbisaglia,Morrovalle,Pollenza)\" \/>\n<meta property=\"og:url\" content=\"http:\/\/locandadeicomacini.it\/fr\/tour-culturale-paesaggistico-ed-enogastronomico\/\" \/>\n<meta property=\"og:site_name\" content=\"La locanda dei Comacini\" \/>\n<meta property=\"article:modified_time\" content=\"2015-05-31T21:35:22+00:00\" \/>\n<meta property=\"og:image\" content=\"http:\/\/locandadeicomacini.it\/wp-content\/uploads\/2015\/03\/MarcaVillage.jpg\" \/>\n<meta name=\"twitter:label1\" content=\"Dur\u00e9e de lecture est.\" \/>\n\t<meta name=\"twitter:data1\" content=\"3 minutes\" \/>\n<script type=\"application\/ld+json\" class=\"yoast-schema-graph\">{\"@context\":\"https:\/\/schema.org\",\"@graph\":[{\"@type\":\"WebSite\",\"@id\":\"http:\/\/locandadeicomacini.it\/#website\",\"url\":\"http:\/\/locandadeicomacini.it\/\",\"name\":\"La locanda dei Comacini\",\"description\":\"Agriturismo San Severino Marche\",\"potentialAction\":[{\"@type\":\"SearchAction\",\"target\":{\"@type\":\"EntryPoint\",\"urlTemplate\":\"http:\/\/locandadeicomacini.it\/?s={search_term_string}\"},\"query-input\":\"required name=search_term_string\"}],\"inLanguage\":\"fr-FR\"},{\"@type\":\"ImageObject\",\"@id\":\"http:\/\/locandadeicomacini.it\/fr\/tour-culturale-paesaggistico-ed-enogastronomico\/#primaryimage\",\"inLanguage\":\"fr-FR\",\"url\":\"http:\/\/locandadeicomacini.it\/wp-content\/uploads\/2015\/03\/MarcaVillage.jpg\",\"contentUrl\":\"http:\/\/locandadeicomacini.it\/wp-content\/uploads\/2015\/03\/MarcaVillage.jpg\",\"width\":766,\"height\":183,\"caption\":\"Marca Village\"},{\"@type\":\"WebPage\",\"@id\":\"http:\/\/locandadeicomacini.it\/fr\/tour-culturale-paesaggistico-ed-enogastronomico\/#webpage\",\"url\":\"http:\/\/locandadeicomacini.it\/fr\/tour-culturale-paesaggistico-ed-enogastronomico\/\",\"name\":\"Tour culturel, du paysage et de l\\u2019oenogastronomie - Locanda dei Comacini\",\"isPartOf\":{\"@id\":\"http:\/\/locandadeicomacini.it\/#website\"},\"primaryImageOfPage\":{\"@id\":\"http:\/\/locandadeicomacini.it\/fr\/tour-culturale-paesaggistico-ed-enogastronomico\/#primaryimage\"},\"datePublished\":\"2015-03-12T17:28:01+00:00\",\"dateModified\":\"2015-05-31T21:35:22+00:00\",\"description\":\"Rabais voyage de La Locanda dei Comacini pour ses clients,Tour culturel, du paysage et de l\\u2019oenogastronomie (Tolentino,Urbisaglia,Morrovalle,Pollenza)\",\"breadcrumb\":{\"@id\":\"http:\/\/locandadeicomacini.it\/fr\/tour-culturale-paesaggistico-ed-enogastronomico\/#breadcrumb\"},\"inLanguage\":\"fr-FR\",\"potentialAction\":[{\"@type\":\"ReadAction\",\"target\":[\"http:\/\/locandadeicomacini.it\/fr\/tour-culturale-paesaggistico-ed-enogastronomico\/\"]}]},{\"@type\":\"BreadcrumbList\",\"@id\":\"http:\/\/locandadeicomacini.it\/fr\/tour-culturale-paesaggistico-ed-enogastronomico\/#breadcrumb\",\"itemListElement\":[{\"@type\":\"ListItem\",\"position\":1,\"name\":\"Home\",\"item\":\"https:\/\/locandadeicomacini.it\/fr\/\"},{\"@type\":\"ListItem\",\"position\":2,\"name\":\"Tour culturel, du paysage et de l\\u2019oenogastronomie (rabais voyage)\"}]}]}<\/script>\n<!-- \/ Yoast SEO plugin. -->","yoast_head_json":{"description":"Rabais voyage de La Locanda dei Comacini pour ses clients,Tour culturel, du paysage et de l\u2019oenogastronomie (Tolentino,Urbisaglia,Morrovalle,Pollenza)","robots":{"index":"index","follow":"follow","max-snippet":"max-snippet:-1","max-image-preview":"max-image-preview:large","max-video-preview":"max-video-preview:-1"},"canonical":"http:\/\/locandadeicomacini.it\/fr\/tour-culturale-paesaggistico-ed-enogastronomico\/","og_locale":"fr_FR","og_type":"article","og_title":"Tour culturel, du paysage et de l\u2019oenogastronomie - Locanda dei Comacini","og_description":"Rabais voyage de La Locanda dei Comacini pour ses clients,Tour culturel, du paysage et de l\u2019oenogastronomie (Tolentino,Urbisaglia,Morrovalle,Pollenza)","og_url":"http:\/\/locandadeicomacini.it\/fr\/tour-culturale-paesaggistico-ed-enogastronomico\/","og_site_name":"La locanda dei Comacini","article_modified_time":"2015-05-31T21:35:22+00:00","og_image":[{"url":"http:\/\/locandadeicomacini.it\/wp-content\/uploads\/2015\/03\/MarcaVillage.jpg"}],"twitter_misc":{"Dur\u00e9e de lecture est.":"3 minutes"},"schema":{"@context":"https:\/\/schema.org","@graph":[{"@type":"WebSite","@id":"http:\/\/locandadeicomacini.it\/#website","url":"http:\/\/locandadeicomacini.it\/","name":"La locanda dei Comacini","description":"Agriturismo San Severino Marche","potentialAction":[{"@type":"SearchAction","target":{"@type":"EntryPoint","urlTemplate":"http:\/\/locandadeicomacini.it\/?s={search_term_string}"},"query-input":"required name=search_term_string"}],"inLanguage":"fr-FR"},{"@type":"ImageObject","@id":"http:\/\/locandadeicomacini.it\/fr\/tour-culturale-paesaggistico-ed-enogastronomico\/#primaryimage","inLanguage":"fr-FR","url":"http:\/\/locandadeicomacini.it\/wp-content\/uploads\/2015\/03\/MarcaVillage.jpg","contentUrl":"http:\/\/locandadeicomacini.it\/wp-content\/uploads\/2015\/03\/MarcaVillage.jpg","width":766,"height":183,"caption":"Marca Village"},{"@type":"WebPage","@id":"http:\/\/locandadeicomacini.it\/fr\/tour-culturale-paesaggistico-ed-enogastronomico\/#webpage","url":"http:\/\/locandadeicomacini.it\/fr\/tour-culturale-paesaggistico-ed-enogastronomico\/","name":"Tour culturel, du paysage et de l\u2019oenogastronomie - Locanda dei Comacini","isPartOf":{"@id":"http:\/\/locandadeicomacini.it\/#website"},"primaryImageOfPage":{"@id":"http:\/\/locandadeicomacini.it\/fr\/tour-culturale-paesaggistico-ed-enogastronomico\/#primaryimage"},"datePublished":"2015-03-12T17:28:01+00:00","dateModified":"2015-05-31T21:35:22+00:00","description":"Rabais voyage de La Locanda dei Comacini pour ses clients,Tour culturel, du paysage et de l\u2019oenogastronomie (Tolentino,Urbisaglia,Morrovalle,Pollenza)","breadcrumb":{"@id":"http:\/\/locandadeicomacini.it\/fr\/tour-culturale-paesaggistico-ed-enogastronomico\/#breadcrumb"},"inLanguage":"fr-FR","potentialAction":[{"@type":"ReadAction","target":["http:\/\/locandadeicomacini.it\/fr\/tour-culturale-paesaggistico-ed-enogastronomico\/"]}]},{"@type":"BreadcrumbList","@id":"http:\/\/locandadeicomacini.it\/fr\/tour-culturale-paesaggistico-ed-enogastronomico\/#breadcrumb","itemListElement":[{"@type":"ListItem","position":1,"name":"Home","item":"https:\/\/locandadeicomacini.it\/fr\/"},{"@type":"ListItem","position":2,"name":"Tour culturel, du paysage et de l\u2019oenogastronomie (rabais voyage)"}]}]}},"_links":{"self":[{"href":"http:\/\/locandadeicomacini.it\/fr\/wp-json\/wp\/v2\/pages\/412\/"}],"collection":[{"href":"http:\/\/locandadeicomacini.it\/fr\/wp-json\/wp\/v2\/pages\/"}],"about":[{"href":"http:\/\/locandadeicomacini.it\/fr\/wp-json\/wp\/v2\/types\/page\/"}],"author":[{"embeddable":true,"href":"http:\/\/locandadeicomacini.it\/fr\/wp-json\/wp\/v2\/users\/1\/"}],"replies":[{"embeddable":true,"href":"http:\/\/locandadeicomacini.it\/fr\/wp-json\/wp\/v2\/comments\/?post=412"}],"version-history":[{"count":18,"href":"http:\/\/locandadeicomacini.it\/fr\/wp-json\/wp\/v2\/pages\/412\/revisions\/"}],"predecessor-version":[{"id":1164,"href":"http:\/\/locandadeicomacini.it\/fr\/wp-json\/wp\/v2\/pages\/412\/revisions\/1164\/"}],"wp:attachment":[{"href":"http:\/\/locandadeicomacini.it\/fr\/wp-json\/wp\/v2\/media\/?parent=412"}],"curies":[{"name":"wp","href":"https:\/\/api.w.org\/{rel}","templated":true}]}}