{"id":220,"date":"2015-02-26T17:13:47","date_gmt":"2015-02-26T16:13:47","guid":{"rendered":"http:\/\/locandadeicomacini.it\/eventi-2\/"},"modified":"2015-05-31T23:56:29","modified_gmt":"2015-05-31T21:56:29","slug":"eventi","status":"publish","type":"page","link":"http:\/\/locandadeicomacini.it\/fr\/eventi\/","title":{"rendered":"Ev\u00e9nements"},"content":{"rendered":"","protected":false},"excerpt":{"rendered":"","protected":false},"author":1,"featured_media":0,"parent":0,"menu_order":0,"comment_status":"closed","ping_status":"open","template":"template-events.php","meta":[],"yoast_head":"<!-- This site is optimized with the Yoast SEO plugin v16.9 - https:\/\/yoast.com\/wordpress\/plugins\/seo\/ -->\n<meta name=\"description\" content=\"Renseignements sur la liste des \u00e9v\u00e9nements en programmation \u00e0 San Severino Marche et dans notre r\u00e9gion.\" \/>\n<meta name=\"robots\" content=\"index, follow, max-snippet:-1, max-image-preview:large, max-video-preview:-1\" \/>\n<link rel=\"canonical\" href=\"http:\/\/locandadeicomacini.it\/fr\/eventi\/\" \/>\n<meta property=\"og:locale\" content=\"fr_FR\" \/>\n<meta property=\"og:type\" content=\"article\" \/>\n<meta property=\"og:title\" content=\"Ev\u00e9nements - La locanda dei Comacini\" \/>\n<meta property=\"og:description\" content=\"Renseignements sur la liste des \u00e9v\u00e9nements en programmation \u00e0 San Severino Marche et dans notre r\u00e9gion.\" \/>\n<meta property=\"og:url\" content=\"http:\/\/locandadeicomacini.it\/fr\/eventi\/\" \/>\n<meta property=\"og:site_name\" content=\"La locanda dei Comacini\" \/>\n<meta property=\"article:modified_time\" content=\"2015-05-31T21:56:29+00:00\" \/>\n<script type=\"application\/ld+json\" class=\"yoast-schema-graph\">{\"@context\":\"https:\/\/schema.org\",\"@graph\":[{\"@type\":\"WebSite\",\"@id\":\"http:\/\/locandadeicomacini.it\/#website\",\"url\":\"http:\/\/locandadeicomacini.it\/\",\"name\":\"La locanda dei Comacini\",\"description\":\"Agriturismo San Severino Marche\",\"potentialAction\":[{\"@type\":\"SearchAction\",\"target\":{\"@type\":\"EntryPoint\",\"urlTemplate\":\"http:\/\/locandadeicomacini.it\/?s={search_term_string}\"},\"query-input\":\"required name=search_term_string\"}],\"inLanguage\":\"fr-FR\"},{\"@type\":\"WebPage\",\"@id\":\"http:\/\/locandadeicomacini.it\/fr\/eventi\/#webpage\",\"url\":\"http:\/\/locandadeicomacini.it\/fr\/eventi\/\",\"name\":\"Ev\\u00e9nements - La locanda dei Comacini\",\"isPartOf\":{\"@id\":\"http:\/\/locandadeicomacini.it\/#website\"},\"datePublished\":\"2015-02-26T16:13:47+00:00\",\"dateModified\":\"2015-05-31T21:56:29+00:00\",\"description\":\"Renseignements sur la liste des \\u00e9v\\u00e9nements en programmation \\u00e0 San Severino Marche et dans notre r\\u00e9gion.\",\"breadcrumb\":{\"@id\":\"http:\/\/locandadeicomacini.it\/fr\/eventi\/#breadcrumb\"},\"inLanguage\":\"fr-FR\",\"potentialAction\":[{\"@type\":\"ReadAction\",\"target\":[\"http:\/\/locandadeicomacini.it\/fr\/eventi\/\"]}]},{\"@type\":\"BreadcrumbList\",\"@id\":\"http:\/\/locandadeicomacini.it\/fr\/eventi\/#breadcrumb\",\"itemListElement\":[{\"@type\":\"ListItem\",\"position\":1,\"name\":\"Home\",\"item\":\"http:\/\/locandadeicomacini.it\/fr\/\"},{\"@type\":\"ListItem\",\"position\":2,\"name\":\"Ev\\u00e9nements\"}]}]}<\/script>\n<!-- \/ Yoast SEO plugin. -->","yoast_head_json":{"description":"Renseignements sur la liste des \u00e9v\u00e9nements en programmation \u00e0 San Severino Marche et dans notre r\u00e9gion.","robots":{"index":"index","follow":"follow","max-snippet":"max-snippet:-1","max-image-preview":"max-image-preview:large","max-video-preview":"max-video-preview:-1"},"canonical":"http:\/\/locandadeicomacini.it\/fr\/eventi\/","og_locale":"fr_FR","og_type":"article","og_title":"Ev\u00e9nements - La locanda dei Comacini","og_description":"Renseignements sur la liste des \u00e9v\u00e9nements en programmation \u00e0 San Severino Marche et dans notre r\u00e9gion.","og_url":"http:\/\/locandadeicomacini.it\/fr\/eventi\/","og_site_name":"La locanda dei Comacini","article_modified_time":"2015-05-31T21:56:29+00:00","schema":{"@context":"https:\/\/schema.org","@graph":[{"@type":"WebSite","@id":"http:\/\/locandadeicomacini.it\/#website","url":"http:\/\/locandadeicomacini.it\/","name":"La locanda dei Comacini","description":"Agriturismo San Severino Marche","potentialAction":[{"@type":"SearchAction","target":{"@type":"EntryPoint","urlTemplate":"http:\/\/locandadeicomacini.it\/?s={search_term_string}"},"query-input":"required name=search_term_string"}],"inLanguage":"fr-FR"},{"@type":"WebPage","@id":"http:\/\/locandadeicomacini.it\/fr\/eventi\/#webpage","url":"http:\/\/locandadeicomacini.it\/fr\/eventi\/","name":"Ev\u00e9nements - La locanda dei Comacini","isPartOf":{"@id":"http:\/\/locandadeicomacini.it\/#website"},"datePublished":"2015-02-26T16:13:47+00:00","dateModified":"2015-05-31T21:56:29+00:00","description":"Renseignements sur la liste des \u00e9v\u00e9nements en programmation \u00e0 San Severino Marche et dans notre r\u00e9gion.","breadcrumb":{"@id":"http:\/\/locandadeicomacini.it\/fr\/eventi\/#breadcrumb"},"inLanguage":"fr-FR","potentialAction":[{"@type":"ReadAction","target":["http:\/\/locandadeicomacini.it\/fr\/eventi\/"]}]},{"@type":"BreadcrumbList","@id":"http:\/\/locandadeicomacini.it\/fr\/eventi\/#breadcrumb","itemListElement":[{"@type":"ListItem","position":1,"name":"Home","item":"http:\/\/locandadeicomacini.it\/fr\/"},{"@type":"ListItem","position":2,"name":"Ev\u00e9nements"}]}]}},"_links":{"self":[{"href":"http:\/\/locandadeicomacini.it\/fr\/wp-json\/wp\/v2\/pages\/220\/"}],"collection":[{"href":"http:\/\/locandadeicomacini.it\/fr\/wp-json\/wp\/v2\/pages\/"}],"about":[{"href":"http:\/\/locandadeicomacini.it\/fr\/wp-json\/wp\/v2\/types\/page\/"}],"author":[{"embeddable":true,"href":"http:\/\/locandadeicomacini.it\/fr\/wp-json\/wp\/v2\/users\/1\/"}],"replies":[{"embeddable":true,"href":"http:\/\/locandadeicomacini.it\/fr\/wp-json\/wp\/v2\/comments\/?post=220"}],"version-history":[{"count":4,"href":"http:\/\/locandadeicomacini.it\/fr\/wp-json\/wp\/v2\/pages\/220\/revisions\/"}],"predecessor-version":[{"id":1147,"href":"http:\/\/locandadeicomacini.it\/fr\/wp-json\/wp\/v2\/pages\/220\/revisions\/1147\/"}],"wp:attachment":[{"href":"http:\/\/locandadeicomacini.it\/fr\/wp-json\/wp\/v2\/media\/?parent=220"}],"curies":[{"name":"wp","href":"https:\/\/api.w.org\/{rel}","templated":true}]}}