{"id":218,"date":"2015-02-26T17:13:08","date_gmt":"2015-02-26T16:13:08","guid":{"rendered":"http:\/\/locandadeicomacini.it\/chi-siamo-2\/"},"modified":"2015-05-22T23:58:22","modified_gmt":"2015-05-22T21:58:22","slug":"chi-siamo","status":"publish","type":"page","link":"http:\/\/locandadeicomacini.it\/fr\/chi-siamo\/","title":{"rendered":"Notre histoire"},"content":{"rendered":"<p>La <strong>Locanda dei Comacini<\/strong> est un g\u00eete \u00e0 gestion familiale de San Severino Marche inaugur\u00e9 en 1995. la proprietaire du g\u00eete est Madame Santa Pallidini\u00a0 (\u201cMamie Santina\u201d),\u00a0Depuis le debut, sa fille Gianna (Dipl\u00f4m\u00e9e en Pharmacie avec certificat d&#8217;aptitude pour l&#8217;enseignement en Sciences de l&#8217;alimentation) l\u2019aide dans la gestion.<\/p>\n<p>Au fil du temps, les filles de Gianna se sont ajout\u00e9es \u00e0 la gestion du g\u00eete : Gilla (Ma\u00eetrise en Sciences Juridiques et Titre h\u00f4telier ) et Ilde (Architecte).<\/p>\n<p>Un des objectifs majeur de La Locanda dei Comacini est celui de faire appr\u00e9cier la s\u00e9r\u00e9nit\u00e9\u00a0 qui \u00e9mane de nos campagnes et la richesse de nos typiques recettes culinaires, ( surtout la qualit\u00e9 et la particularit\u00e9 des produits ). Sur r\u00e9servation, on vous pr\u00e9pare des p\u00e2tes fra\u00eeches faites maison\u00a0 et des plats typiques\u00a0 de la cuisine traditionnelle.\u00a0 Au sein de cette structure on\u00a0 respecte et on partage encore les traditions familiales comme celles la\u00a0 de La\u00a0r\u00e9colte \u00e0 la main des olives\u00a0pour l&#8217;extraction de l&#8217;huile et la pr\u00e9paration de conserves et des confitures avec des l\u00e9gumes et des fruits.<\/p>\n<p>Juste en dehors de l&#8217;enceinte murale de l&#8217;ancien bourg de Castello al Monte de San Severino Marche, pr\u00e8s des pieds du Mont \u201cAria\u201d (ou on trouve le terrain de motocross du village), et plong\u00e9e dans l&#8217; ancienne oliveraie de la propriet\u00e9, se trouve cette structure rurale compos\u00e9e de deux \u00e9difices enti\u00e8rement r\u00e9nov\u00e9s, dedi\u00e9s \u00e0 l&#8217;hebergement touristique. Les salles y sont meubl\u00e9es de fa\u00e7on traditionnelle. La Locanda dei Comacini est compos\u00e9e par un grand salon pour la restauration avec une esplanade ext\u00e9rieure s\u2019ouvrant sur le paysage naturel environnant. Elle poss\u00e8de \u00e9galement une salle pour le petit d\u00e9jeuner et cinq chambres pour l&#8217;hebergement, avec acc\u00e8s autonome et individuel aux toilettes.<\/p>\n<p>Chaque chambre a la possibilit\u00e9 d&#8217;heberger jusqu&#8217;\u00e0 3 ou 4 personnes.<\/p>\n","protected":false},"excerpt":{"rendered":"<p>La Locanda dei Comacini est un g\u00eete \u00e0 gestion familiale de San Severino Marche inaugur\u00e9 en 1995. la proprietaire du g\u00eete est Madame Santa Pallidini\u00a0 <\/p>\n<p><a href=\"http:\/\/locandadeicomacini.it\/fr\/chi-siamo\/\" class=\"button2\">Read More &raquo;<\/a><\/p>\n","protected":false},"author":1,"featured_media":0,"parent":0,"menu_order":0,"comment_status":"closed","ping_status":"open","template":"","meta":[],"yoast_head":"<!-- This site is optimized with the Yoast SEO plugin v16.9 - https:\/\/yoast.com\/wordpress\/plugins\/seo\/ -->\n<meta name=\"description\" content=\"Locanda dei Comacini:g\u00eete \u00e0 gestion familiale en dehors de l&#039;enceinte murale de l&#039;ancien bourg \u00e0 San Severino Marche, dans la r\u00e9gion des Marche en Italie\" \/>\n<meta name=\"robots\" content=\"index, follow, max-snippet:-1, max-image-preview:large, max-video-preview:-1\" \/>\n<link rel=\"canonical\" href=\"http:\/\/locandadeicomacini.it\/fr\/chi-siamo\/\" \/>\n<meta property=\"og:locale\" content=\"fr_FR\" \/>\n<meta property=\"og:type\" content=\"article\" \/>\n<meta property=\"og:title\" content=\"Notre histoire - La locanda dei Comacini\" \/>\n<meta property=\"og:description\" content=\"Locanda dei Comacini:g\u00eete \u00e0 gestion familiale en dehors de l&#039;enceinte murale de l&#039;ancien bourg \u00e0 San Severino Marche, dans la r\u00e9gion des Marche en Italie\" \/>\n<meta property=\"og:url\" content=\"http:\/\/locandadeicomacini.it\/fr\/chi-siamo\/\" \/>\n<meta property=\"og:site_name\" content=\"La locanda dei Comacini\" \/>\n<meta property=\"article:modified_time\" content=\"2015-05-22T21:58:22+00:00\" \/>\n<meta name=\"twitter:label1\" content=\"Dur\u00e9e de lecture est.\" \/>\n\t<meta name=\"twitter:data1\" content=\"2 minutes\" \/>\n<script type=\"application\/ld+json\" class=\"yoast-schema-graph\">{\"@context\":\"https:\/\/schema.org\",\"@graph\":[{\"@type\":\"WebSite\",\"@id\":\"http:\/\/locandadeicomacini.it\/#website\",\"url\":\"http:\/\/locandadeicomacini.it\/\",\"name\":\"La locanda dei Comacini\",\"description\":\"Agriturismo San Severino Marche\",\"potentialAction\":[{\"@type\":\"SearchAction\",\"target\":{\"@type\":\"EntryPoint\",\"urlTemplate\":\"http:\/\/locandadeicomacini.it\/?s={search_term_string}\"},\"query-input\":\"required name=search_term_string\"}],\"inLanguage\":\"fr-FR\"},{\"@type\":\"WebPage\",\"@id\":\"http:\/\/locandadeicomacini.it\/fr\/chi-siamo\/#webpage\",\"url\":\"http:\/\/locandadeicomacini.it\/fr\/chi-siamo\/\",\"name\":\"Notre histoire - La locanda dei Comacini\",\"isPartOf\":{\"@id\":\"http:\/\/locandadeicomacini.it\/#website\"},\"datePublished\":\"2015-02-26T16:13:08+00:00\",\"dateModified\":\"2015-05-22T21:58:22+00:00\",\"description\":\"Locanda dei Comacini:g\\u00eete \\u00e0 gestion familiale en dehors de l'enceinte murale de l'ancien bourg \\u00e0 San Severino Marche, dans la r\\u00e9gion des Marche en Italie\",\"breadcrumb\":{\"@id\":\"http:\/\/locandadeicomacini.it\/fr\/chi-siamo\/#breadcrumb\"},\"inLanguage\":\"fr-FR\",\"potentialAction\":[{\"@type\":\"ReadAction\",\"target\":[\"http:\/\/locandadeicomacini.it\/fr\/chi-siamo\/\"]}]},{\"@type\":\"BreadcrumbList\",\"@id\":\"http:\/\/locandadeicomacini.it\/fr\/chi-siamo\/#breadcrumb\",\"itemListElement\":[{\"@type\":\"ListItem\",\"position\":1,\"name\":\"Home\",\"item\":\"https:\/\/locandadeicomacini.it\/fr\/\"},{\"@type\":\"ListItem\",\"position\":2,\"name\":\"Notre histoire\"}]}]}<\/script>\n<!-- \/ Yoast SEO plugin. -->","yoast_head_json":{"description":"Locanda dei Comacini:g\u00eete \u00e0 gestion familiale en dehors de l'enceinte murale de l'ancien bourg \u00e0 San Severino Marche, dans la r\u00e9gion des Marche en Italie","robots":{"index":"index","follow":"follow","max-snippet":"max-snippet:-1","max-image-preview":"max-image-preview:large","max-video-preview":"max-video-preview:-1"},"canonical":"http:\/\/locandadeicomacini.it\/fr\/chi-siamo\/","og_locale":"fr_FR","og_type":"article","og_title":"Notre histoire - La locanda dei Comacini","og_description":"Locanda dei Comacini:g\u00eete \u00e0 gestion familiale en dehors de l'enceinte murale de l'ancien bourg \u00e0 San Severino Marche, dans la r\u00e9gion des Marche en Italie","og_url":"http:\/\/locandadeicomacini.it\/fr\/chi-siamo\/","og_site_name":"La locanda dei Comacini","article_modified_time":"2015-05-22T21:58:22+00:00","twitter_misc":{"Dur\u00e9e de lecture est.":"2 minutes"},"schema":{"@context":"https:\/\/schema.org","@graph":[{"@type":"WebSite","@id":"http:\/\/locandadeicomacini.it\/#website","url":"http:\/\/locandadeicomacini.it\/","name":"La locanda dei Comacini","description":"Agriturismo San Severino Marche","potentialAction":[{"@type":"SearchAction","target":{"@type":"EntryPoint","urlTemplate":"http:\/\/locandadeicomacini.it\/?s={search_term_string}"},"query-input":"required name=search_term_string"}],"inLanguage":"fr-FR"},{"@type":"WebPage","@id":"http:\/\/locandadeicomacini.it\/fr\/chi-siamo\/#webpage","url":"http:\/\/locandadeicomacini.it\/fr\/chi-siamo\/","name":"Notre histoire - La locanda dei Comacini","isPartOf":{"@id":"http:\/\/locandadeicomacini.it\/#website"},"datePublished":"2015-02-26T16:13:08+00:00","dateModified":"2015-05-22T21:58:22+00:00","description":"Locanda dei Comacini:g\u00eete \u00e0 gestion familiale en dehors de l'enceinte murale de l'ancien bourg \u00e0 San Severino Marche, dans la r\u00e9gion des Marche en Italie","breadcrumb":{"@id":"http:\/\/locandadeicomacini.it\/fr\/chi-siamo\/#breadcrumb"},"inLanguage":"fr-FR","potentialAction":[{"@type":"ReadAction","target":["http:\/\/locandadeicomacini.it\/fr\/chi-siamo\/"]}]},{"@type":"BreadcrumbList","@id":"http:\/\/locandadeicomacini.it\/fr\/chi-siamo\/#breadcrumb","itemListElement":[{"@type":"ListItem","position":1,"name":"Home","item":"https:\/\/locandadeicomacini.it\/fr\/"},{"@type":"ListItem","position":2,"name":"Notre histoire"}]}]}},"_links":{"self":[{"href":"http:\/\/locandadeicomacini.it\/fr\/wp-json\/wp\/v2\/pages\/218\/"}],"collection":[{"href":"http:\/\/locandadeicomacini.it\/fr\/wp-json\/wp\/v2\/pages\/"}],"about":[{"href":"http:\/\/locandadeicomacini.it\/fr\/wp-json\/wp\/v2\/types\/page\/"}],"author":[{"embeddable":true,"href":"http:\/\/locandadeicomacini.it\/fr\/wp-json\/wp\/v2\/users\/1\/"}],"replies":[{"embeddable":true,"href":"http:\/\/locandadeicomacini.it\/fr\/wp-json\/wp\/v2\/comments\/?post=218"}],"version-history":[{"count":5,"href":"http:\/\/locandadeicomacini.it\/fr\/wp-json\/wp\/v2\/pages\/218\/revisions\/"}],"predecessor-version":[{"id":1130,"href":"http:\/\/locandadeicomacini.it\/fr\/wp-json\/wp\/v2\/pages\/218\/revisions\/1130\/"}],"wp:attachment":[{"href":"http:\/\/locandadeicomacini.it\/fr\/wp-json\/wp\/v2\/media\/?parent=218"}],"curies":[{"name":"wp","href":"https:\/\/api.w.org\/{rel}","templated":true}]}}