{"id":214,"date":"2015-02-26T16:39:05","date_gmt":"2015-02-26T15:39:05","guid":{"rendered":"http:\/\/locandadeicomacini.it\/camere-2\/"},"modified":"2015-05-23T00:38:29","modified_gmt":"2015-05-22T22:38:29","slug":"camere","status":"publish","type":"page","link":"http:\/\/locandadeicomacini.it\/fr\/camere\/","title":{"rendered":"Chambres"},"content":{"rendered":"<div class=\"clearfix\">\n<h3>R\u00e9duction du 10% pour les associ\u00e9s du Touring Club<\/h3>\n<p>Notre gite est plong\u00e9 dans la tranquillit\u00e9 de la campagne de notre region, dans une vall\u00e9e entre l&#8217;enceinte murale de l&#8217;ancien bourg de Castello al Monte de San Severino Marche (ou on peut trouver le Mus\u00e9e Archeologique \u201cMoretti\u201d et l&#8217;Ancien D\u00f4me du Village X-XI si\u00e8cle ) et des pieds du Mont \u201cAria\u201d (ou se trouvent le santuaire de Saint Pacifique et le terrain de Motocross).<br \/>\nTous nos chambres disposent d&#8217;acc\u00e8s ind\u00e9pendants et toilettes privatives.<br \/>\nLes chambres sont meubl\u00e9es selon la tradition et l&#8217;histoire du lieu, avec des armoires et des lits en bois et fer forg\u00e9.<br \/>\n<\/div>\n<p>&nbsp;<\/p>\n<div class=\"one-third\">\n<h3 class=\"title1\">Chambres Lavanda<\/h3>\n<p><a href=\"http:\/\/locandadeicomacini.it\/fr\/lavanda\/\"><img class=\"alignnone size- small wp-image-614\" src=\"http:\/\/locandadeicomacini.it\/wp-content\/uploads\/2015\/03\/Camera-Lavanda.jpg\" alt=\"Lavanda\" \/><\/a>Chambre double avec lit suppl\u00e9mentaire, entr\u00e9e s\u00e9par\u00e9e, salle de bains, s\u00e8che-cheveux, linge de maison, produits d\u2019hygi\u00e8ne, wifi, tv &#8230;<\/p>\n<a href=\"http:\/\/locandadeicomacini.it\/fr\/lavanda\/\" class=\"button3\">Plus d\u00e9tails<\/a><div class=\"clearboth\"><\/div>\n<\/div>\n<div class=\"one-third\">\n<h3 class=\"title1\">Chambres Rosa<\/h3>\n<p><a href=\"http:\/\/locandadeicomacini.it\/fr\/camera-rosa\/\"><img class=\"alignnone size- small wp-image-614\" src=\"http:\/\/locandadeicomacini.it\/wp-content\/uploads\/2015\/03\/Camera-Rosa.jpg\" alt=\"Lavanda\" \/><\/a>Chambre double avec lit suppl\u00e9mentaire, entr\u00e9e s\u00e9par\u00e9e, salle de bains, s\u00e8che-cheveux, linge de maison, produits d\u2019hygi\u00e8ne, wifi, tv &#8230;<\/p>\n<a href=\"http:\/\/locandadeicomacini.it\/fr\/camera-rosa\/\" class=\"button3\">Plus d\u00e9tails<\/a><div class=\"clearboth\"><\/div>\n<\/div>\n<div class=\"one-third last-col\">\n<h3 class=\"title1\">Chambres Ciclamino<\/h3>\n<p><a href=\"http:\/\/locandadeicomacini.it\/fr\/camera-ciclamino\/\"><img class=\"alignnone size- small wp-image-614\" src=\"http:\/\/locandadeicomacini.it\/wp-content\/uploads\/2015\/03\/Camera-Ciclamino.jpg\" alt=\"Lavanda\" \/><\/a>Chambre double, (convertible en chambre triple en ajoutant un lit), acc\u00e8s autonome, toilettes privatives , s\u00e8che-cheveux , draps de lit, couvre-lits et serviettes &#8230;<\/p>\n<a href=\"http:\/\/locandadeicomacini.it\/fr\/camera-ciclamino\/\" class=\"button3\">Plus d\u00e9tails<\/a><div class=\"clearboth\"><\/div>\n<\/div>\n<p>&nbsp;<\/p>\n<div class=\"one-third\">\n<h3 class=\"title1\">Chambres Violetta<\/h3>\n<p><a href=\"http:\/\/locandadeicomacini.it\/fr\/camera-violetta\/\"><img class=\"alignnone size- small wp-image-614\" src=\"http:\/\/locandadeicomacini.it\/wp-content\/uploads\/2015\/03\/Camera-Violetta.jpg\" alt=\"Lavanda\" \/><\/a>Chambre double avec possibilit\u00e9 de max 2 lits suppl\u00e9mentaires, entr\u00e9e s\u00e9par\u00e9e, salle de bains, s\u00e8che-cheveux, linge de maison, produits d\u2019hygi\u00e8ne, wifi &#8230;<\/p>\n<a href=\"http:\/\/locandadeicomacini.it\/fr\/camera-violetta\/\" class=\"button3\">Plus d\u00e9tails<\/a><div class=\"clearboth\"><\/div>\n<\/div>\n<div class=\"one-third\">\n<h3 class=\"title1\">Chambres Margherita<\/h3>\n<p><a href=\"http:\/\/locandadeicomacini.it\/fr\/camera-margherita\/\"><img class=\"alignnone size- small wp-image-614\" src=\"http:\/\/locandadeicomacini.it\/wp-content\/uploads\/2015\/03\/Camera-Margherita.jpg\" alt=\"Lavanda\" \/><\/a>\u00c9galement accessible aux personnes ayant un handicap physique. Double chambre \u00e0 coucher, entr\u00e9e s\u00e9par\u00e9e, salle de bains, s\u00e8che-cheveux, linge de maison &#8230;<\/p>\n<a href=\"http:\/\/locandadeicomacini.it\/fr\/camera-margherita\/\" class=\"button3\">Plus d\u00e9tails<\/a><div class=\"clearboth\"><\/div>\n<\/div>\n<div class=\"one-third last-col\">\n<\/div>\n<p>&nbsp;<\/p>\n<p>&nbsp;<\/p>\n<p>&nbsp;<\/p>\n<p>&nbsp;<\/p>\n<p>&nbsp;<\/p>\n<p>&nbsp;<\/p>\n<p>&nbsp;<\/p>\n<p>&nbsp;<br \/>\n<div class=\"one-half\">\n<h3 class=\"title1\">Week-end Histoire et Culture<\/h3>\n<p><a href=\"http:\/\/locandadeicomacini.it\/fr\/tour-culturale-paesaggistico-ed-enogastronomico\/\"><img class=\"alignnone size- small wp-image-614\" src=\"http:\/\/locandadeicomacini.it\/wp-content\/uploads\/2015\/03\/Tour-Marche.jpg\" alt=\"Lavanda\" \/><\/a>Tour culturel visant \u00e0 d\u00e9couvrir l\u2019histoire locale, \u00e0 travers la visite guid\u00e9e des lieux historiques et artistiques d\u2019int\u00e9r\u00eat majeur de la province de Macerata &#8230;<\/p>\n<a href=\"http:\/\/locandadeicomacini.it\/fr\/tour-culturale-paesaggistico-ed-enogastronomico\/\" class=\"button3\">Plus d\u00e9tails<\/a><div class=\"clearboth\"><\/div>\n<\/div>\n<div class=\"one-half last-col\">\n<h3 class=\"title1\">Week-end Nature et Culture<\/h3>\n<p><a href=\"http:\/\/locandadeicomacini.it\/fr\/tour-culturale-week-end-natura-e-cultura\/\"><img class=\"alignnone size- small wp-image-614\" src=\"http:\/\/locandadeicomacini.it\/wp-content\/uploads\/2015\/03\/Tour-Marche-01.jpg\" alt=\"Lavanda\" \/><\/a>Tour culturel visant \u00e0 d\u00e9couvrir l\u2019histoire et le paysage vernaculaire, \u00e0 travers la visite guid\u00e9e des lieux historiques et paysagers d\u2019int\u00e9r\u00eats majeurs dans les environs de notre \u00e9tablissement &#8230;<\/p>\n<a href=\"http:\/\/locandadeicomacini.it\/fr\/tour-culturale-week-end-natura-e-cultura\/\" class=\"button3\">Plus d\u00e9tails<\/a><div class=\"clearboth\"><\/div>\n<\/div>\n<p>&nbsp;<\/p>\n<p>&nbsp;<\/p>\n","protected":false},"excerpt":{"rendered":"<p>&nbsp; &nbsp; &nbsp; &nbsp; &nbsp; &nbsp; &nbsp; &nbsp; &nbsp; &nbsp; &nbsp; &nbsp;<\/p>\n","protected":false},"author":1,"featured_media":0,"parent":0,"menu_order":0,"comment_status":"closed","ping_status":"open","template":"template-full-width.php","meta":[],"yoast_head":"<!-- This site is optimized with the Yoast SEO plugin v16.9 - https:\/\/yoast.com\/wordpress\/plugins\/seo\/ -->\n<meta name=\"description\" content=\"Gite Locanda dei Comacini :les chambres disposent d&#039;acc\u00e8s ind\u00e9pendants et toilettes privatives, elles sont meubl\u00e9es selon la tradition et l&#039;histoire du lieu\" \/>\n<meta name=\"robots\" content=\"index, follow, max-snippet:-1, max-image-preview:large, max-video-preview:-1\" \/>\n<link rel=\"canonical\" href=\"http:\/\/locandadeicomacini.it\/fr\/camere\/\" \/>\n<meta property=\"og:locale\" content=\"fr_FR\" \/>\n<meta property=\"og:type\" content=\"article\" \/>\n<meta property=\"og:title\" content=\"Chambres - La locanda dei Comacini\" \/>\n<meta property=\"og:description\" content=\"Gite Locanda dei Comacini :les chambres disposent d&#039;acc\u00e8s ind\u00e9pendants et toilettes privatives, elles sont meubl\u00e9es selon la tradition et l&#039;histoire du lieu\" \/>\n<meta property=\"og:url\" content=\"http:\/\/locandadeicomacini.it\/fr\/camere\/\" \/>\n<meta property=\"og:site_name\" content=\"La locanda dei Comacini\" \/>\n<meta property=\"article:modified_time\" content=\"2015-05-22T22:38:29+00:00\" \/>\n<meta property=\"og:image\" content=\"http:\/\/locandadeicomacini.it\/wp-content\/uploads\/2015\/03\/Camera-Lavanda.jpg\" \/>\n<meta name=\"twitter:label1\" content=\"Dur\u00e9e de lecture est.\" \/>\n\t<meta name=\"twitter:data1\" content=\"2 minutes\" \/>\n<script type=\"application\/ld+json\" class=\"yoast-schema-graph\">{\"@context\":\"https:\/\/schema.org\",\"@graph\":[{\"@type\":\"WebSite\",\"@id\":\"http:\/\/locandadeicomacini.it\/#website\",\"url\":\"http:\/\/locandadeicomacini.it\/\",\"name\":\"La locanda dei Comacini\",\"description\":\"Agriturismo San Severino Marche\",\"potentialAction\":[{\"@type\":\"SearchAction\",\"target\":{\"@type\":\"EntryPoint\",\"urlTemplate\":\"http:\/\/locandadeicomacini.it\/?s={search_term_string}\"},\"query-input\":\"required name=search_term_string\"}],\"inLanguage\":\"fr-FR\"},{\"@type\":\"ImageObject\",\"@id\":\"http:\/\/locandadeicomacini.it\/fr\/camere\/#primaryimage\",\"inLanguage\":\"fr-FR\",\"url\":\"http:\/\/locandadeicomacini.it\/wp-content\/uploads\/2015\/03\/Camera-Lavanda.jpg\",\"contentUrl\":\"http:\/\/locandadeicomacini.it\/wp-content\/uploads\/2015\/03\/Camera-Lavanda.jpg\",\"width\":620,\"height\":250,\"caption\":\"Camera Lavanda\"},{\"@type\":\"WebPage\",\"@id\":\"http:\/\/locandadeicomacini.it\/fr\/camere\/#webpage\",\"url\":\"http:\/\/locandadeicomacini.it\/fr\/camere\/\",\"name\":\"Chambres - La locanda dei Comacini\",\"isPartOf\":{\"@id\":\"http:\/\/locandadeicomacini.it\/#website\"},\"primaryImageOfPage\":{\"@id\":\"http:\/\/locandadeicomacini.it\/fr\/camere\/#primaryimage\"},\"datePublished\":\"2015-02-26T15:39:05+00:00\",\"dateModified\":\"2015-05-22T22:38:29+00:00\",\"description\":\"Gite Locanda dei Comacini :les chambres disposent d'acc\\u00e8s ind\\u00e9pendants et toilettes privatives, elles sont meubl\\u00e9es selon la tradition et l'histoire du lieu\",\"breadcrumb\":{\"@id\":\"http:\/\/locandadeicomacini.it\/fr\/camere\/#breadcrumb\"},\"inLanguage\":\"fr-FR\",\"potentialAction\":[{\"@type\":\"ReadAction\",\"target\":[\"http:\/\/locandadeicomacini.it\/fr\/camere\/\"]}]},{\"@type\":\"BreadcrumbList\",\"@id\":\"http:\/\/locandadeicomacini.it\/fr\/camere\/#breadcrumb\",\"itemListElement\":[{\"@type\":\"ListItem\",\"position\":1,\"name\":\"Home\",\"item\":\"https:\/\/locandadeicomacini.it\/fr\/\"},{\"@type\":\"ListItem\",\"position\":2,\"name\":\"Chambres\"}]}]}<\/script>\n<!-- \/ Yoast SEO plugin. -->","yoast_head_json":{"description":"Gite Locanda dei Comacini :les chambres disposent d'acc\u00e8s ind\u00e9pendants et toilettes privatives, elles sont meubl\u00e9es selon la tradition et l'histoire du lieu","robots":{"index":"index","follow":"follow","max-snippet":"max-snippet:-1","max-image-preview":"max-image-preview:large","max-video-preview":"max-video-preview:-1"},"canonical":"http:\/\/locandadeicomacini.it\/fr\/camere\/","og_locale":"fr_FR","og_type":"article","og_title":"Chambres - La locanda dei Comacini","og_description":"Gite Locanda dei Comacini :les chambres disposent d'acc\u00e8s ind\u00e9pendants et toilettes privatives, elles sont meubl\u00e9es selon la tradition et l'histoire du lieu","og_url":"http:\/\/locandadeicomacini.it\/fr\/camere\/","og_site_name":"La locanda dei Comacini","article_modified_time":"2015-05-22T22:38:29+00:00","og_image":[{"url":"http:\/\/locandadeicomacini.it\/wp-content\/uploads\/2015\/03\/Camera-Lavanda.jpg"}],"twitter_misc":{"Dur\u00e9e de lecture est.":"2 minutes"},"schema":{"@context":"https:\/\/schema.org","@graph":[{"@type":"WebSite","@id":"http:\/\/locandadeicomacini.it\/#website","url":"http:\/\/locandadeicomacini.it\/","name":"La locanda dei Comacini","description":"Agriturismo San Severino Marche","potentialAction":[{"@type":"SearchAction","target":{"@type":"EntryPoint","urlTemplate":"http:\/\/locandadeicomacini.it\/?s={search_term_string}"},"query-input":"required name=search_term_string"}],"inLanguage":"fr-FR"},{"@type":"ImageObject","@id":"http:\/\/locandadeicomacini.it\/fr\/camere\/#primaryimage","inLanguage":"fr-FR","url":"http:\/\/locandadeicomacini.it\/wp-content\/uploads\/2015\/03\/Camera-Lavanda.jpg","contentUrl":"http:\/\/locandadeicomacini.it\/wp-content\/uploads\/2015\/03\/Camera-Lavanda.jpg","width":620,"height":250,"caption":"Camera Lavanda"},{"@type":"WebPage","@id":"http:\/\/locandadeicomacini.it\/fr\/camere\/#webpage","url":"http:\/\/locandadeicomacini.it\/fr\/camere\/","name":"Chambres - La locanda dei Comacini","isPartOf":{"@id":"http:\/\/locandadeicomacini.it\/#website"},"primaryImageOfPage":{"@id":"http:\/\/locandadeicomacini.it\/fr\/camere\/#primaryimage"},"datePublished":"2015-02-26T15:39:05+00:00","dateModified":"2015-05-22T22:38:29+00:00","description":"Gite Locanda dei Comacini :les chambres disposent d'acc\u00e8s ind\u00e9pendants et toilettes privatives, elles sont meubl\u00e9es selon la tradition et l'histoire du lieu","breadcrumb":{"@id":"http:\/\/locandadeicomacini.it\/fr\/camere\/#breadcrumb"},"inLanguage":"fr-FR","potentialAction":[{"@type":"ReadAction","target":["http:\/\/locandadeicomacini.it\/fr\/camere\/"]}]},{"@type":"BreadcrumbList","@id":"http:\/\/locandadeicomacini.it\/fr\/camere\/#breadcrumb","itemListElement":[{"@type":"ListItem","position":1,"name":"Home","item":"https:\/\/locandadeicomacini.it\/fr\/"},{"@type":"ListItem","position":2,"name":"Chambres"}]}]}},"_links":{"self":[{"href":"http:\/\/locandadeicomacini.it\/fr\/wp-json\/wp\/v2\/pages\/214\/"}],"collection":[{"href":"http:\/\/locandadeicomacini.it\/fr\/wp-json\/wp\/v2\/pages\/"}],"about":[{"href":"http:\/\/locandadeicomacini.it\/fr\/wp-json\/wp\/v2\/types\/page\/"}],"author":[{"embeddable":true,"href":"http:\/\/locandadeicomacini.it\/fr\/wp-json\/wp\/v2\/users\/1\/"}],"replies":[{"embeddable":true,"href":"http:\/\/locandadeicomacini.it\/fr\/wp-json\/wp\/v2\/comments\/?post=214"}],"version-history":[{"count":10,"href":"http:\/\/locandadeicomacini.it\/fr\/wp-json\/wp\/v2\/pages\/214\/revisions\/"}],"predecessor-version":[{"id":1128,"href":"http:\/\/locandadeicomacini.it\/fr\/wp-json\/wp\/v2\/pages\/214\/revisions\/1128\/"}],"wp:attachment":[{"href":"http:\/\/locandadeicomacini.it\/fr\/wp-json\/wp\/v2\/media\/?parent=214"}],"curies":[{"name":"wp","href":"https:\/\/api.w.org\/{rel}","templated":true}]}}