{"id":1048,"date":"2015-03-31T02:20:42","date_gmt":"2015-03-31T00:20:42","guid":{"rendered":"http:\/\/locandadeicomacini.it\/tour-2\/"},"modified":"2015-05-31T23:03:09","modified_gmt":"2015-05-31T21:03:09","slug":"tour","status":"publish","type":"page","link":"http:\/\/locandadeicomacini.it\/fr\/tour\/","title":{"rendered":"Tour"},"content":{"rendered":"<div class=\"one-half\">\n<h3 class=\"title1\">Week-end Histoire et Culture<\/h3>\n<p><a href=\"http:\/\/locandadeicomacini.it\/fr\/tour-culturale-paesaggistico-ed-enogastronomico\/\"><img class=\"alignnone size- small wp-image-614\" src=\"http:\/\/locandadeicomacini.it\/wp-content\/uploads\/2015\/03\/Tour-Marche.jpg\" alt=\"Lavanda\" \/><\/a>Tour culturel visant \u00e0 d\u00e9couvrir l\u2019histoire locale, \u00e0 travers la visite guid\u00e9e des lieux historiques et artistiques d\u2019int\u00e9r\u00eat majeur de la province de Macerata &#8230;<\/p>\n<a href=\"http:\/\/locandadeicomacini.it\/fr\/tour-culturale-paesaggistico-ed-enogastronomico\/\" class=\"button3\">Plus d\u00e9tails<\/a><div class=\"clearboth\"><\/div>\n<\/div>\n<div class=\"one-half last-col\">\n<h3 class=\"title1\">Week-end Nature et Culture<\/h3>\n<p><a href=\"http:\/\/locandadeicomacini.it\/fr\/tour-culturale-week-end-natura-e-cultura\/\"><img class=\"alignnone size- small wp-image-614\" src=\"http:\/\/locandadeicomacini.it\/wp-content\/uploads\/2015\/03\/Tour-Marche-01.jpg\" alt=\"Lavanda\" \/><\/a>Tour culturel visant \u00e0 d\u00e9couvrir l\u2019histoire et le paysage vernaculaire, \u00e0 travers la visite guid\u00e9e des lieux historiques et paysagers d\u2019int\u00e9r\u00eats majeurs dans les environs de notre \u00e9tablissement &#8230;<\/p>\n<a href=\"http:\/\/locandadeicomacini.it\/fr\/tour-culturale-week-end-natura-e-cultura\/\" class=\"button3\">Plus d\u00e9tails<\/a><div class=\"clearboth\"><\/div>\n<\/div>\n<p>&nbsp;<\/p>\n<p>&nbsp;<\/p>\n","protected":false},"excerpt":{"rendered":"<p>&nbsp; &nbsp;<\/p>\n","protected":false},"author":1,"featured_media":0,"parent":0,"menu_order":0,"comment_status":"closed","ping_status":"open","template":"template-full-width.php","meta":[],"yoast_head":"<!-- This site is optimized with the Yoast SEO plugin v16.9 - https:\/\/yoast.com\/wordpress\/plugins\/seo\/ -->\n<meta name=\"description\" content=\"Deux rabais voyages prepar\u00e9s pour le clients du gite La Locanda dei Comacini, tour \u00e0 la decouverte de &quot;histoire et culture&quot; ou &quot;nature et culture&quot;des lieux\" \/>\n<meta name=\"robots\" content=\"index, follow, max-snippet:-1, max-image-preview:large, max-video-preview:-1\" \/>\n<link rel=\"canonical\" href=\"http:\/\/locandadeicomacini.it\/fr\/tour\/\" \/>\n<meta property=\"og:locale\" content=\"fr_FR\" \/>\n<meta property=\"og:type\" content=\"article\" \/>\n<meta property=\"og:title\" content=\"Tour - La locanda dei Comacini\" \/>\n<meta property=\"og:description\" content=\"Deux rabais voyages prepar\u00e9s pour le clients du gite La Locanda dei Comacini, tour \u00e0 la decouverte de &quot;histoire et culture&quot; ou &quot;nature et culture&quot;des lieux\" \/>\n<meta property=\"og:url\" content=\"http:\/\/locandadeicomacini.it\/fr\/tour\/\" \/>\n<meta property=\"og:site_name\" content=\"La locanda dei Comacini\" \/>\n<meta property=\"article:modified_time\" content=\"2015-05-31T21:03:09+00:00\" \/>\n<meta property=\"og:image\" content=\"http:\/\/locandadeicomacini.it\/wp-content\/uploads\/2015\/03\/Tour-Marche.jpg\" \/>\n<meta name=\"twitter:label1\" content=\"Dur\u00e9e de lecture est.\" \/>\n\t<meta name=\"twitter:data1\" content=\"1 minute\" \/>\n<script type=\"application\/ld+json\" class=\"yoast-schema-graph\">{\"@context\":\"https:\/\/schema.org\",\"@graph\":[{\"@type\":\"WebSite\",\"@id\":\"http:\/\/locandadeicomacini.it\/#website\",\"url\":\"http:\/\/locandadeicomacini.it\/\",\"name\":\"La locanda dei Comacini\",\"description\":\"Agriturismo San Severino Marche\",\"potentialAction\":[{\"@type\":\"SearchAction\",\"target\":{\"@type\":\"EntryPoint\",\"urlTemplate\":\"http:\/\/locandadeicomacini.it\/?s={search_term_string}\"},\"query-input\":\"required name=search_term_string\"}],\"inLanguage\":\"fr-FR\"},{\"@type\":\"ImageObject\",\"@id\":\"http:\/\/locandadeicomacini.it\/fr\/tour\/#primaryimage\",\"inLanguage\":\"fr-FR\",\"url\":\"http:\/\/locandadeicomacini.it\/wp-content\/uploads\/2015\/03\/Tour-Marche.jpg\",\"contentUrl\":\"http:\/\/locandadeicomacini.it\/wp-content\/uploads\/2015\/03\/Tour-Marche.jpg\",\"width\":620,\"height\":250,\"caption\":\"Tour Week end Marche Storia e Cultura\"},{\"@type\":\"WebPage\",\"@id\":\"http:\/\/locandadeicomacini.it\/fr\/tour\/#webpage\",\"url\":\"http:\/\/locandadeicomacini.it\/fr\/tour\/\",\"name\":\"Tour - La locanda dei Comacini\",\"isPartOf\":{\"@id\":\"http:\/\/locandadeicomacini.it\/#website\"},\"primaryImageOfPage\":{\"@id\":\"http:\/\/locandadeicomacini.it\/fr\/tour\/#primaryimage\"},\"datePublished\":\"2015-03-31T00:20:42+00:00\",\"dateModified\":\"2015-05-31T21:03:09+00:00\",\"description\":\"Deux rabais voyages prepar\\u00e9s pour le clients du gite La Locanda dei Comacini, tour \\u00e0 la decouverte de \\\"histoire et culture\\\" ou \\\"nature et culture\\\"des lieux\",\"breadcrumb\":{\"@id\":\"http:\/\/locandadeicomacini.it\/fr\/tour\/#breadcrumb\"},\"inLanguage\":\"fr-FR\",\"potentialAction\":[{\"@type\":\"ReadAction\",\"target\":[\"http:\/\/locandadeicomacini.it\/fr\/tour\/\"]}]},{\"@type\":\"BreadcrumbList\",\"@id\":\"http:\/\/locandadeicomacini.it\/fr\/tour\/#breadcrumb\",\"itemListElement\":[{\"@type\":\"ListItem\",\"position\":1,\"name\":\"Home\",\"item\":\"http:\/\/locandadeicomacini.it\/fr\/\"},{\"@type\":\"ListItem\",\"position\":2,\"name\":\"Tour\"}]}]}<\/script>\n<!-- \/ Yoast SEO plugin. -->","yoast_head_json":{"description":"Deux rabais voyages prepar\u00e9s pour le clients du gite La Locanda dei Comacini, tour \u00e0 la decouverte de \"histoire et culture\" ou \"nature et culture\"des lieux","robots":{"index":"index","follow":"follow","max-snippet":"max-snippet:-1","max-image-preview":"max-image-preview:large","max-video-preview":"max-video-preview:-1"},"canonical":"http:\/\/locandadeicomacini.it\/fr\/tour\/","og_locale":"fr_FR","og_type":"article","og_title":"Tour - La locanda dei Comacini","og_description":"Deux rabais voyages prepar\u00e9s pour le clients du gite La Locanda dei Comacini, tour \u00e0 la decouverte de \"histoire et culture\" ou \"nature et culture\"des lieux","og_url":"http:\/\/locandadeicomacini.it\/fr\/tour\/","og_site_name":"La locanda dei Comacini","article_modified_time":"2015-05-31T21:03:09+00:00","og_image":[{"url":"http:\/\/locandadeicomacini.it\/wp-content\/uploads\/2015\/03\/Tour-Marche.jpg"}],"twitter_misc":{"Dur\u00e9e de lecture est.":"1 minute"},"schema":{"@context":"https:\/\/schema.org","@graph":[{"@type":"WebSite","@id":"http:\/\/locandadeicomacini.it\/#website","url":"http:\/\/locandadeicomacini.it\/","name":"La locanda dei Comacini","description":"Agriturismo San Severino Marche","potentialAction":[{"@type":"SearchAction","target":{"@type":"EntryPoint","urlTemplate":"http:\/\/locandadeicomacini.it\/?s={search_term_string}"},"query-input":"required name=search_term_string"}],"inLanguage":"fr-FR"},{"@type":"ImageObject","@id":"http:\/\/locandadeicomacini.it\/fr\/tour\/#primaryimage","inLanguage":"fr-FR","url":"http:\/\/locandadeicomacini.it\/wp-content\/uploads\/2015\/03\/Tour-Marche.jpg","contentUrl":"http:\/\/locandadeicomacini.it\/wp-content\/uploads\/2015\/03\/Tour-Marche.jpg","width":620,"height":250,"caption":"Tour Week end Marche Storia e Cultura"},{"@type":"WebPage","@id":"http:\/\/locandadeicomacini.it\/fr\/tour\/#webpage","url":"http:\/\/locandadeicomacini.it\/fr\/tour\/","name":"Tour - La locanda dei Comacini","isPartOf":{"@id":"http:\/\/locandadeicomacini.it\/#website"},"primaryImageOfPage":{"@id":"http:\/\/locandadeicomacini.it\/fr\/tour\/#primaryimage"},"datePublished":"2015-03-31T00:20:42+00:00","dateModified":"2015-05-31T21:03:09+00:00","description":"Deux rabais voyages prepar\u00e9s pour le clients du gite La Locanda dei Comacini, tour \u00e0 la decouverte de \"histoire et culture\" ou \"nature et culture\"des lieux","breadcrumb":{"@id":"http:\/\/locandadeicomacini.it\/fr\/tour\/#breadcrumb"},"inLanguage":"fr-FR","potentialAction":[{"@type":"ReadAction","target":["http:\/\/locandadeicomacini.it\/fr\/tour\/"]}]},{"@type":"BreadcrumbList","@id":"http:\/\/locandadeicomacini.it\/fr\/tour\/#breadcrumb","itemListElement":[{"@type":"ListItem","position":1,"name":"Home","item":"http:\/\/locandadeicomacini.it\/fr\/"},{"@type":"ListItem","position":2,"name":"Tour"}]}]}},"_links":{"self":[{"href":"http:\/\/locandadeicomacini.it\/fr\/wp-json\/wp\/v2\/pages\/1048\/"}],"collection":[{"href":"http:\/\/locandadeicomacini.it\/fr\/wp-json\/wp\/v2\/pages\/"}],"about":[{"href":"http:\/\/locandadeicomacini.it\/fr\/wp-json\/wp\/v2\/types\/page\/"}],"author":[{"embeddable":true,"href":"http:\/\/locandadeicomacini.it\/fr\/wp-json\/wp\/v2\/users\/1\/"}],"replies":[{"embeddable":true,"href":"http:\/\/locandadeicomacini.it\/fr\/wp-json\/wp\/v2\/comments\/?post=1048"}],"version-history":[{"count":4,"href":"http:\/\/locandadeicomacini.it\/fr\/wp-json\/wp\/v2\/pages\/1048\/revisions\/"}],"predecessor-version":[{"id":1139,"href":"http:\/\/locandadeicomacini.it\/fr\/wp-json\/wp\/v2\/pages\/1048\/revisions\/1139\/"}],"wp:attachment":[{"href":"http:\/\/locandadeicomacini.it\/fr\/wp-json\/wp\/v2\/media\/?parent=1048"}],"curies":[{"name":"wp","href":"https:\/\/api.w.org\/{rel}","templated":true}]}}